{"id":442,"date":"2020-10-21T06:32:37","date_gmt":"2020-10-21T10:32:37","guid":{"rendered":"https:\/\/primelinkinsurance.ca\/claims\/"},"modified":"2020-10-28T15:07:20","modified_gmt":"2020-10-28T19:07:20","slug":"reclamations","status":"publish","type":"page","link":"https:\/\/primelinkinsurance.ca\/fr\/reclamations\/","title":{"rendered":"R\u00e9clamations"},"content":{"rendered":"[vc_row type=\u00a0\u00bbfull_width_background\u00a0\u00bb full_screen_row_position=\u00a0\u00bbmiddle\u00a0\u00bb column_margin=\u00a0\u00bbdefault\u00a0\u00bb column_direction=\u00a0\u00bbdefault\u00a0\u00bb column_direction_tablet=\u00a0\u00bbdefault\u00a0\u00bb column_direction_phone=\u00a0\u00bbdefault\u00a0\u00bb bg_image=\u00a0\u00bb245&Prime; bg_position=\u00a0\u00bbcenter center\u00a0\u00bb bg_repeat=\u00a0\u00bbno-repeat\u00a0\u00bb scene_position=\u00a0\u00bbcenter\u00a0\u00bb text_color=\u00a0\u00bblight\u00a0\u00bb text_align=\u00a0\u00bbcenter\u00a0\u00bb row_border_radius=\u00a0\u00bbnone\u00a0\u00bb row_border_radius_applies=\u00a0\u00bbbg\u00a0\u00bb color_overlay=\u00a0\u00bb#00456a\u00a0\u00bb overlay_strength=\u00a0\u00bb0.5&Prime; gradient_direction=\u00a0\u00bbleft_to_right\u00a0\u00bb shape_divider_position=\u00a0\u00bbbottom\u00a0\u00bb bg_image_animation=\u00a0\u00bbnone\u00a0\u00bb shape_type=\u00a0\u00bb\u00a0\u00bb][vc_column column_padding=\u00a0\u00bbno-extra-padding\u00a0\u00bb column_padding_tablet=\u00a0\u00bbinherit\u00a0\u00bb column_padding_phone=\u00a0\u00bbinherit\u00a0\u00bb column_padding_position=\u00a0\u00bball\u00a0\u00bb centered_text=\u00a0\u00bbtrue\u00a0\u00bb background_color_opacity=\u00a0\u00bb1&Prime; background_hover_color_opacity=\u00a0\u00bb1&Prime; column_shadow=\u00a0\u00bbnone\u00a0\u00bb column_border_radius=\u00a0\u00bbnone\u00a0\u00bb column_link_target=\u00a0\u00bb_self\u00a0\u00bb gradient_direction=\u00a0\u00bbleft_to_right\u00a0\u00bb overlay_strength=\u00a0\u00bb0.3&Prime; width=\u00a0\u00bb1\/1&Prime; tablet_width_inherit=\u00a0\u00bbdefault\u00a0\u00bb tablet_text_alignment=\u00a0\u00bbdefault\u00a0\u00bb phone_text_alignment=\u00a0\u00bbdefault\u00a0\u00bb column_border_width=\u00a0\u00bbnone\u00a0\u00bb column_border_style=\u00a0\u00bbsolid\u00a0\u00bb bg_image_animation=\u00a0\u00bbnone\u00a0\u00bb][divider line_type=\u00a0\u00bbNo Line\u00a0\u00bb custom_height=\u00a0\u00bb180&Prime; custom_height_tablet=\u00a0\u00bb90&Prime; custom_height_phone=\u00a0\u00bb45&Prime;][split_line_heading animation_type=\u00a0\u00bbdefault\u00a0\u00bb]\n<h1 style=\"text-align: center;\">Nous sommes l\u00e0 pour vous<\/h1>\n[\/split_line_heading][divider line_type=\u00a0\u00bbNo Line\u00a0\u00bb custom_height=\u00a0\u00bb180&Prime; custom_height_tablet=\u00a0\u00bb90&Prime; custom_height_phone=\u00a0\u00bb45&Prime;][\/vc_column][\/vc_row][vc_row type=\u00a0\u00bbin_container\u00a0\u00bb full_screen_row_position=\u00a0\u00bbmiddle\u00a0\u00bb column_margin=\u00a0\u00bbdefault\u00a0\u00bb column_direction=\u00a0\u00bbdefault\u00a0\u00bb column_direction_tablet=\u00a0\u00bbdefault\u00a0\u00bb column_direction_phone=\u00a0\u00bbdefault\u00a0\u00bb scene_position=\u00a0\u00bbcenter\u00a0\u00bb top_padding=\u00a0\u00bb0&Prime; bottom_padding=\u00a0\u00bb0&Prime; left_padding_desktop=\u00a0\u00bb150&Prime; right_padding_desktop=\u00a0\u00bb150&Prime; top_padding_tablet=\u00a0\u00bb0&Prime; bottom_padding_tablet=\u00a0\u00bb0&Prime; left_padding_tablet=\u00a0\u00bb0&Prime; right_padding_tablet=\u00a0\u00bb0&Prime; top_padding_phone=\u00a0\u00bb0&Prime; bottom_padding_phone=\u00a0\u00bb0&Prime; left_padding_phone=\u00a0\u00bb0&Prime; right_padding_phone=\u00a0\u00bb0&Prime; text_color=\u00a0\u00bbdark\u00a0\u00bb text_align=\u00a0\u00bbleft\u00a0\u00bb row_border_radius=\u00a0\u00bbnone\u00a0\u00bb row_border_radius_applies=\u00a0\u00bbbg\u00a0\u00bb overlay_strength=\u00a0\u00bb0.3&Prime; gradient_direction=\u00a0\u00bbleft_to_right\u00a0\u00bb shape_divider_position=\u00a0\u00bbbottom\u00a0\u00bb bg_image_animation=\u00a0\u00bbnone\u00a0\u00bb shape_type=\u00a0\u00bb\u00a0\u00bb][vc_column column_padding=\u00a0\u00bbno-extra-padding\u00a0\u00bb column_padding_tablet=\u00a0\u00bbno-extra-padding\u00a0\u00bb column_padding_phone=\u00a0\u00bbno-extra-padding\u00a0\u00bb column_padding_position=\u00a0\u00bbleft-right\u00a0\u00bb background_color_opacity=\u00a0\u00bb1&Prime; background_hover_color_opacity=\u00a0\u00bb1&Prime; column_shadow=\u00a0\u00bbnone\u00a0\u00bb column_border_radius=\u00a0\u00bbnone\u00a0\u00bb column_link_target=\u00a0\u00bb_self\u00a0\u00bb gradient_direction=\u00a0\u00bbleft_to_right\u00a0\u00bb overlay_strength=\u00a0\u00bb0.3&Prime; width=\u00a0\u00bb1\/1&Prime; tablet_width_inherit=\u00a0\u00bbdefault\u00a0\u00bb tablet_text_alignment=\u00a0\u00bbdefault\u00a0\u00bb phone_text_alignment=\u00a0\u00bbdefault\u00a0\u00bb column_border_width=\u00a0\u00bbnone\u00a0\u00bb column_border_style=\u00a0\u00bbsolid\u00a0\u00bb bg_image_animation=\u00a0\u00bbnone\u00a0\u00bb][divider line_type=\u00a0\u00bbNo Line\u00a0\u00bb custom_height=\u00a0\u00bb60&Prime; custom_height_tablet=\u00a0\u00bb40&Prime; custom_height_phone=\u00a0\u00bb20&Prime;][vc_column_text]\n<h2 style=\"text-align: left;\"><span style=\"color: #00456a;\">Comment effectuer une demande d&rsquo;indemnisation<\/span><\/h2>\n[\/vc_column_text][vc_column_text]\n<h3 style=\"text-align: justify;\"><span style=\"color: #00456a;\">Nos coordinateurs du service \u00e0 la client\u00e8le, nos infirmi\u00e8res dipl\u00f4m\u00e9es et nos m\u00e9decins sont disponibles 24 heures sur 24, 7 jours sur 7, 365 jours par an. Acc\u00e9dez imm\u00e9diatement \u00e0 des sp\u00e9cialistes de l&rsquo;assistance m\u00e9dicale \u00e0 tout moment et partout dans le monde.<\/span><\/h3>\n[\/vc_column_text][vc_column_text]\n<p style=\"text-align: justify;\">Nos coordinateurs de cas vous aideront \u00e0 trouver un \u00e9tablissement m\u00e9dical local, \u00e0 prendre les dispositions n\u00e9cessaires pour b\u00e9neficier des soins d\u2019un m\u00e9decin et peuvent m\u00eame organiser le paiement direct de vos factures m\u00e9dicales.<\/p>\n<p style=\"text-align: justify;\">PrimeLink\u2122 Travel Insurance s&rsquo;est associ\u00e9 \u00e0 Active Care Management (ACM), une soci\u00e9t\u00e9 d&rsquo;assistance voyage en cas d&rsquo;urgence qui g\u00e8re toute l&rsquo;assistance voyage et les demandes de remboursement au nom de PrimeLink\u2122.<\/p>\n<p style=\"text-align: justify;\">Qu\u2019il s\u2019agisse de bagages perdus, d\u2019ouragans, de maux d&rsquo;estomac ou de crises cardiaques, ACM sera l\u00e0 pour vous aider \u00e0 surmonter tout \u00e9v\u00e9nement qui perturberait vos vacances. Les demandes de remboursement peuvent \u00eatre faites par courrier, par t\u00e9l\u00e9phone, par courriel, en ligne ou en utilisant l&rsquo;application mobile d&rsquo;ACM TravelAid\u2122.<\/p>\n<p style=\"text-align: justify;\">Pour initier une demande d&rsquo;indemnisation, cliquez ici :<\/p>\n[\/vc_column_text][nectar_btn size=\u00a0\u00bblarge\u00a0\u00bb button_style=\u00a0\u00bbregular\u00a0\u00bb button_color_2=\u00a0\u00bbAccent-Color\u00a0\u00bb color_override=\u00a0\u00bb#27c54e\u00a0\u00bb solid_text_color_override=\u00a0\u00bb#ffffff\u00a0\u00bb icon_family=\u00a0\u00bbnone\u00a0\u00bb text=\u00a0\u00bbCommencer une r\u00e9clamation\u00a0\u00bb url=\u00a0\u00bbhttps:\/\/primelinkinsurance.ca\/claims\/\u00a0\u00bb margin_bottom=\u00a0\u00bb0&Prime;][vc_column_text]\n<p style=\"text-align: justify;\">ACM s&rsquo;engage \u00e0 offrir la meilleure exp\u00e9rience possible \u00e0 ses clients dans les moments o\u00f9 vous avez le plus besoin de r\u00e9confort\u00a0: lors d&rsquo;une crise, d&rsquo;un \u00e9pisode m\u00e9dical ou d&rsquo;un probl\u00e8me de s\u00e9curit\u00e9. La vaste connaissance d&rsquo;ACM de l&rsquo;espace mondial du voyage, des capacit\u00e9s technologiques, de la gestion de crise dans l&rsquo;industrie permet \u00e0 PrimeLink\u2122 d&rsquo;offrir le processus de r\u00e9clamation le plus fluide qui soit.<\/p>\n[\/vc_column_text][\/vc_column][\/vc_row][vc_row type=\u00a0\u00bbin_container\u00a0\u00bb full_screen_row_position=\u00a0\u00bbmiddle\u00a0\u00bb column_margin=\u00a0\u00bbdefault\u00a0\u00bb column_direction=\u00a0\u00bbdefault\u00a0\u00bb column_direction_tablet=\u00a0\u00bbdefault\u00a0\u00bb column_direction_phone=\u00a0\u00bbdefault\u00a0\u00bb scene_position=\u00a0\u00bbcenter\u00a0\u00bb top_padding=\u00a0\u00bb0&Prime; bottom_padding=\u00a0\u00bb0&Prime; left_padding_desktop=\u00a0\u00bb150&Prime; right_padding_desktop=\u00a0\u00bb150&Prime; top_padding_tablet=\u00a0\u00bb0&Prime; bottom_padding_tablet=\u00a0\u00bb0&Prime; left_padding_tablet=\u00a0\u00bb0&Prime; right_padding_tablet=\u00a0\u00bb0&Prime; top_padding_phone=\u00a0\u00bb0&Prime; bottom_padding_phone=\u00a0\u00bb0&Prime; left_padding_phone=\u00a0\u00bb0&Prime; right_padding_phone=\u00a0\u00bb0&Prime; text_color=\u00a0\u00bbdark\u00a0\u00bb text_align=\u00a0\u00bbleft\u00a0\u00bb row_border_radius=\u00a0\u00bbnone\u00a0\u00bb row_border_radius_applies=\u00a0\u00bbbg\u00a0\u00bb overlay_strength=\u00a0\u00bb0.3&Prime; gradient_direction=\u00a0\u00bbleft_to_right\u00a0\u00bb shape_divider_position=\u00a0\u00bbbottom\u00a0\u00bb bg_image_animation=\u00a0\u00bbnone\u00a0\u00bb shape_type=\u00a0\u00bb\u00a0\u00bb][vc_column column_padding=\u00a0\u00bbno-extra-padding\u00a0\u00bb column_padding_tablet=\u00a0\u00bbno-extra-padding\u00a0\u00bb column_padding_phone=\u00a0\u00bbno-extra-padding\u00a0\u00bb column_padding_position=\u00a0\u00bbleft-right\u00a0\u00bb background_color_opacity=\u00a0\u00bb1&Prime; background_hover_color_opacity=\u00a0\u00bb1&Prime; column_shadow=\u00a0\u00bbnone\u00a0\u00bb column_border_radius=\u00a0\u00bbnone\u00a0\u00bb column_link_target=\u00a0\u00bb_self\u00a0\u00bb gradient_direction=\u00a0\u00bbleft_to_right\u00a0\u00bb overlay_strength=\u00a0\u00bb0.3&Prime; width=\u00a0\u00bb1\/1&Prime; tablet_width_inherit=\u00a0\u00bbdefault\u00a0\u00bb tablet_text_alignment=\u00a0\u00bbdefault\u00a0\u00bb phone_text_alignment=\u00a0\u00bbdefault\u00a0\u00bb column_border_width=\u00a0\u00bbnone\u00a0\u00bb column_border_style=\u00a0\u00bbsolid\u00a0\u00bb bg_image_animation=\u00a0\u00bbnone\u00a0\u00bb][divider line_type=\u00a0\u00bbNo Line\u00a0\u00bb custom_height=\u00a0\u00bb60&Prime; custom_height_tablet=\u00a0\u00bb40&Prime; custom_height_phone=\u00a0\u00bb20&Prime;][vc_column_text]\n<h2 style=\"text-align: left;\"><span style=\"color: #00456a;\">Autres moyens de soumettre une demande de remboursement<\/span><\/h2>\n[\/vc_column_text][vc_column_text]\n<p style=\"text-align: justify;\">Les demandes peuvent \u00eatre soumises par courrier, par t\u00e9l\u00e9phone, en ligne, par courriel ou en utilisant l&rsquo;application mobile ACM TravelAid\u2122.<\/p>\n<p style=\"text-align: justify;\">Avant de soumettre votre demande, veuillez vous assurer que tous les formulaires et documents n\u00e9cessaires soient d\u00fbment sign\u00e9es. Cela permettra de garantir un traitement rapide de votre demande. Selon la nature de votre demande, les documents n\u00e9cessaires peuvent inclure\u00a0:<\/p>\n<ul style=\"text-align: justify;\">\n<li>Les formulaires de demande remplis<\/li>\n<li>Les versions originales ou scann\u00e9es des cartes d&#8217;embarquement<\/li>\n<li>Les re\u00e7us d&rsquo;h\u00f4tel<\/li>\n<li>Les factures d\u00e9taill\u00e9es justifiant votre demande<\/li>\n<li>Les dossiers m\u00e9dicaux de toute proc\u00e9dure effectu\u00e9e<\/li>\n<\/ul>\n<p style=\"text-align: justify;\"><strong>Pour soumettre une demande par courrier, envoyez tous les formulaires et documents \u00e0\u00a0:<br \/>\n<\/strong>Active Care Management<br \/>\nBoite postale 1237 Station A<br \/>\nWindsor, ON, N9A 6P8<\/p>\n<p style=\"text-align: justify;\"><strong>Pour soumettre une demande par courrier \u00e9lectronique, envoyez tous les formulaires et documents \u00e0\u00a0:<br \/>\n<\/strong><a href=\"mailto:TravelClaims@Active-Care.ca\">TravelClaims@Active-Care.ca<\/a><\/p>\n<p style=\"text-align: justify;\"><strong>Pour soumettre une demande par t\u00e9l\u00e9phone, appelez :<br \/>\n<\/strong>1-855-297-4371 depuis l&rsquo;Am\u00e9rique du Nord,<br \/>\nou 1-519-251-1581 depuis l&rsquo;ext\u00e9rieur de l&rsquo;Am\u00e9rique du Nord.<\/p>\n<p style=\"text-align: justify;\"><strong>Pour soumettre votre demande en utilisant l&rsquo;application mobile ACM TravelAid\u2122 :<br \/>\n<\/strong>T\u00e9l\u00e9chargez l&rsquo;application et s\u00e9lectionnez \u00ab\u00a0Commencer une r\u00e9clamation\u00a0\u00bb.<\/p>\n[\/vc_column_text][divider line_type=\u00a0\u00bbNo Line\u00a0\u00bb custom_height=\u00a0\u00bb60&Prime; custom_height_tablet=\u00a0\u00bb40&Prime; custom_height_phone=\u00a0\u00bb20&Prime;][\/vc_column][\/vc_row][vc_row type=\u00a0\u00bbfull_width_background\u00a0\u00bb full_screen_row_position=\u00a0\u00bbmiddle\u00a0\u00bb column_margin=\u00a0\u00bbdefault\u00a0\u00bb column_direction=\u00a0\u00bbdefault\u00a0\u00bb column_direction_tablet=\u00a0\u00bbdefault\u00a0\u00bb column_direction_phone=\u00a0\u00bbdefault\u00a0\u00bb bg_color=\u00a0\u00bbrgba(238,238,238,0.5)\u00a0\u00bb scene_position=\u00a0\u00bbcenter\u00a0\u00bb top_padding=\u00a0\u00bb60&Prime; bottom_padding=\u00a0\u00bb60&Prime; left_padding_desktop=\u00a0\u00bb100&Prime; right_padding_desktop=\u00a0\u00bb100&Prime; top_padding_tablet=\u00a0\u00bb40&Prime; bottom_padding_tablet=\u00a0\u00bb40&Prime; left_padding_tablet=\u00a0\u00bb50&Prime; right_padding_tablet=\u00a0\u00bb50&Prime; top_padding_phone=\u00a0\u00bb20&Prime; bottom_padding_phone=\u00a0\u00bb20&Prime; left_padding_phone=\u00a0\u00bb0&Prime; right_padding_phone=\u00a0\u00bb0&Prime; text_color=\u00a0\u00bbdark\u00a0\u00bb text_align=\u00a0\u00bbleft\u00a0\u00bb row_border_radius=\u00a0\u00bbnone\u00a0\u00bb row_border_radius_applies=\u00a0\u00bbbg\u00a0\u00bb overlay_strength=\u00a0\u00bb0.3&Prime; gradient_direction=\u00a0\u00bbleft_to_right\u00a0\u00bb shape_divider_position=\u00a0\u00bbbottom\u00a0\u00bb bg_image_animation=\u00a0\u00bbnone\u00a0\u00bb shape_type=\u00a0\u00bb\u00a0\u00bb][vc_column column_padding=\u00a0\u00bbno-extra-padding\u00a0\u00bb column_padding_tablet=\u00a0\u00bbinherit\u00a0\u00bb column_padding_phone=\u00a0\u00bbinherit\u00a0\u00bb column_padding_position=\u00a0\u00bball\u00a0\u00bb background_color_opacity=\u00a0\u00bb1&Prime; background_hover_color_opacity=\u00a0\u00bb1&Prime; font_color=\u00a0\u00bb#00456a\u00a0\u00bb column_shadow=\u00a0\u00bbnone\u00a0\u00bb column_border_radius=\u00a0\u00bbnone\u00a0\u00bb column_link_target=\u00a0\u00bb_self\u00a0\u00bb gradient_direction=\u00a0\u00bbleft_to_right\u00a0\u00bb overlay_strength=\u00a0\u00bb0.3&Prime; width=\u00a0\u00bb1\/1&Prime; tablet_width_inherit=\u00a0\u00bbdefault\u00a0\u00bb tablet_text_alignment=\u00a0\u00bbdefault\u00a0\u00bb phone_text_alignment=\u00a0\u00bbdefault\u00a0\u00bb column_border_width=\u00a0\u00bbnone\u00a0\u00bb column_border_style=\u00a0\u00bbsolid\u00a0\u00bb bg_image_animation=\u00a0\u00bbnone\u00a0\u00bb][image_with_animation image_url=\u00a0\u00bb104&Prime; animation=\u00a0\u00bbNone\u00a0\u00bb hover_animation=\u00a0\u00bbnone\u00a0\u00bb alignment=\u00a0\u00bb\u00a0\u00bb border_radius=\u00a0\u00bbnone\u00a0\u00bb box_shadow=\u00a0\u00bbnone\u00a0\u00bb image_loading=\u00a0\u00bbdefault\u00a0\u00bb max_width=\u00a0\u00bb100%\u00a0\u00bb max_width_mobile=\u00a0\u00bbdefault\u00a0\u00bb margin_left=\u00a0\u00bb-65&Prime; margin_left_tablet=\u00a0\u00bb0&Prime; margin_left_phone=\u00a0\u00bb0&Prime;][vc_column_text]\n<h4 style=\"text-align: justify;\"><span style=\"color: #00456a;\"><em>L&rsquo;ann\u00e9e derni\u00e8re, alors que je passais l&rsquo;hiver en Floride, je marchais sur la plage et je me suis mis la hanche \u00e0 l&rsquo;envers. J&rsquo;ai d\u00fb aller chez un chiropracteur. J&rsquo;ai pu trouver un m\u00e9decin avec lequel je me sentais \u00e0 l&rsquo;aise et c&rsquo;\u00e9tait un m\u00e9decin avec lequel ACM travaillait. J&rsquo;ai envoy\u00e9 une notification \u00e0 PrimeLink\u2122 et j&rsquo;ai re\u00e7u mon num\u00e9ro de demande et des instructions sur les documents dont j&rsquo;aurais besoin. J&rsquo;ai fait les ajustements n\u00e9cessaires et j&rsquo;ai re\u00e7u les documents avec les d\u00e9tails de ses ajustements. Comme promis par mon conseiller en mati\u00e8re de demandes de remboursement, tous les documents m&rsquo;attendaient lorsque je suis rentr\u00e9 de Floride. J&rsquo;ai soumis mes re\u00e7us \u00e0 l&rsquo;ACM avec mes re\u00e7us de gaz et j&rsquo;ai \u00e9t\u00e9 rembours\u00e9. Le processus a \u00e9t\u00e9 rapide et sans douleur, et j&rsquo;ai pu partir en un rien de temps. <\/em><\/span><\/h4>\n[\/vc_column_text][vc_column_text]\n<h4 style=\"text-align: right;\"><span style=\"color: #00456a;\"><strong>Brian M. client PrimeLink<\/strong><\/span><\/h4>\n[\/vc_column_text][image_with_animation image_url=\u00a0\u00bb102&Prime; animation=\u00a0\u00bbFade In\u00a0\u00bb hover_animation=\u00a0\u00bbnone\u00a0\u00bb alignment=\u00a0\u00bbright\u00a0\u00bb border_radius=\u00a0\u00bbnone\u00a0\u00bb box_shadow=\u00a0\u00bbnone\u00a0\u00bb image_loading=\u00a0\u00bbdefault\u00a0\u00bb max_width=\u00a0\u00bb100%\u00a0\u00bb max_width_mobile=\u00a0\u00bbdefault\u00a0\u00bb margin_right=\u00a0\u00bb-65&Prime; margin_right_tablet=\u00a0\u00bb0&Prime; margin_right_phone=\u00a0\u00bb0&Prime;][\/vc_column][\/vc_row]\n","protected":false},"excerpt":{"rendered":"<p>[vc_row type=\u00a0\u00bbfull_width_background\u00a0\u00bb full_screen_row_position=\u00a0\u00bbmiddle\u00a0\u00bb column_margin=\u00a0\u00bbdefault\u00a0\u00bb column_direction=\u00a0\u00bbdefault\u00a0\u00bb column_direction_tablet=\u00a0\u00bbdefault\u00a0\u00bb column_direction_phone=\u00a0\u00bbdefault\u00a0\u00bb bg_image=\u00a0\u00bb245&Prime; bg_position=\u00a0\u00bbcenter center\u00a0\u00bb bg_repeat=\u00a0\u00bbno-repeat\u00a0\u00bb scene_position=\u00a0\u00bbcenter\u00a0\u00bb text_color=\u00a0\u00bblight\u00a0\u00bb text_align=\u00a0\u00bbcenter\u00a0\u00bb row_border_radius=\u00a0\u00bbnone\u00a0\u00bb row_border_radius_applies=\u00a0\u00bbbg\u00a0\u00bb color_overlay=\u00a0\u00bb#00456a\u00a0\u00bb overlay_strength=\u00a0\u00bb0.5&Prime; gradient_direction=\u00a0\u00bbleft_to_right\u00a0\u00bb shape_divider_position=\u00a0\u00bbbottom\u00a0\u00bb bg_image_animation=\u00a0\u00bbnone\u00a0\u00bb shape_type=\u00a0\u00bb\u00a0\u00bb][vc_column column_padding=\u00a0\u00bbno-extra-padding\u00a0\u00bb column_padding_tablet=\u00a0\u00bbinherit\u00a0\u00bb column_padding_phone=\u00a0\u00bbinherit\u00a0\u00bb column_padding_position=\u00a0\u00bball\u00a0\u00bb centered_text=\u00a0\u00bbtrue\u00a0\u00bb background_color_opacity=\u00a0\u00bb1&Prime; background_hover_color_opacity=\u00a0\u00bb1&Prime; column_shadow=\u00a0\u00bbnone\u00a0\u00bb&#8230;<\/p>\n","protected":false},"author":2,"featured_media":0,"parent":0,"menu_order":0,"comment_status":"closed","ping_status":"closed","template":"","meta":[],"yoast_head":"<!-- This site is optimized with the Yoast SEO plugin v15.2 - https:\/\/yoast.com\/wordpress\/plugins\/seo\/ -->\n<title>R\u00e9clamations - Primelink Insurance<\/title>\n<meta name=\"robots\" content=\"index, follow, max-snippet:-1, max-image-preview:large, max-video-preview:-1\" \/>\n<link rel=\"canonical\" href=\"https:\/\/primelinkinsurance.ca\/fr\/reclamations\/\" \/>\n<meta property=\"og:locale\" content=\"fr_CA\" \/>\n<meta property=\"og:type\" content=\"article\" \/>\n<meta property=\"og:title\" content=\"R\u00e9clamations - Primelink Insurance\" \/>\n<meta property=\"og:description\" content=\"[vc_row type=\u00a0\u00bbfull_width_background\u00a0\u00bb full_screen_row_position=\u00a0\u00bbmiddle\u00a0\u00bb column_margin=\u00a0\u00bbdefault\u00a0\u00bb column_direction=\u00a0\u00bbdefault\u00a0\u00bb column_direction_tablet=\u00a0\u00bbdefault\u00a0\u00bb column_direction_phone=\u00a0\u00bbdefault\u00a0\u00bb bg_image=\u00a0\u00bb245&Prime; bg_position=\u00a0\u00bbcenter center\u00a0\u00bb bg_repeat=\u00a0\u00bbno-repeat\u00a0\u00bb scene_position=\u00a0\u00bbcenter\u00a0\u00bb text_color=\u00a0\u00bblight\u00a0\u00bb text_align=\u00a0\u00bbcenter\u00a0\u00bb row_border_radius=\u00a0\u00bbnone\u00a0\u00bb row_border_radius_applies=\u00a0\u00bbbg\u00a0\u00bb color_overlay=\u00a0\u00bb#00456a\u00a0\u00bb overlay_strength=\u00a0\u00bb0.5&Prime; gradient_direction=\u00a0\u00bbleft_to_right\u00a0\u00bb shape_divider_position=\u00a0\u00bbbottom\u00a0\u00bb bg_image_animation=\u00a0\u00bbnone\u00a0\u00bb shape_type=\u00a0\u00bb\u00a0\u00bb][vc_column column_padding=\u00a0\u00bbno-extra-padding\u00a0\u00bb column_padding_tablet=\u00a0\u00bbinherit\u00a0\u00bb column_padding_phone=\u00a0\u00bbinherit\u00a0\u00bb column_padding_position=\u00a0\u00bball\u00a0\u00bb centered_text=\u00a0\u00bbtrue\u00a0\u00bb background_color_opacity=\u00a0\u00bb1&Prime; background_hover_color_opacity=\u00a0\u00bb1&Prime; column_shadow=\u00a0\u00bbnone\u00a0\u00bb...\" \/>\n<meta property=\"og:url\" content=\"https:\/\/primelinkinsurance.ca\/fr\/reclamations\/\" \/>\n<meta property=\"og:site_name\" content=\"Primelink Insurance\" \/>\n<meta property=\"article:modified_time\" content=\"2020-10-28T19:07:20+00:00\" \/>\n<meta name=\"twitter:card\" content=\"summary_large_image\" \/>\n<meta name=\"twitter:label1\" value=\"Written by\">\n\t<meta name=\"twitter:data1\" value=\"sebastien\">\n\t<meta name=\"twitter:label2\" value=\"Est. reading time\">\n\t<meta name=\"twitter:data2\" value=\"6 minutes\">\n<script type=\"application\/ld+json\" class=\"yoast-schema-graph\">{\"@context\":\"https:\/\/schema.org\",\"@graph\":[{\"@type\":\"WebSite\",\"@id\":\"https:\/\/primelinkinsurance.ca\/#website\",\"url\":\"https:\/\/primelinkinsurance.ca\/\",\"name\":\"Primelink Insurance\",\"description\":\"\",\"potentialAction\":[{\"@type\":\"SearchAction\",\"target\":\"https:\/\/primelinkinsurance.ca\/?s={search_term_string}\",\"query-input\":\"required name=search_term_string\"}],\"inLanguage\":\"fr-CA\"},{\"@type\":\"WebPage\",\"@id\":\"https:\/\/primelinkinsurance.ca\/fr\/reclamations\/#webpage\",\"url\":\"https:\/\/primelinkinsurance.ca\/fr\/reclamations\/\",\"name\":\"R\\u00e9clamations - Primelink Insurance\",\"isPartOf\":{\"@id\":\"https:\/\/primelinkinsurance.ca\/#website\"},\"datePublished\":\"2020-10-21T10:32:37+00:00\",\"dateModified\":\"2020-10-28T19:07:20+00:00\",\"inLanguage\":\"fr-CA\",\"potentialAction\":[{\"@type\":\"ReadAction\",\"target\":[\"https:\/\/primelinkinsurance.ca\/fr\/reclamations\/\"]}]}]}<\/script>\n<!-- \/ Yoast SEO plugin. -->","_links":{"self":[{"href":"https:\/\/primelinkinsurance.ca\/fr\/wp-json\/wp\/v2\/pages\/442"}],"collection":[{"href":"https:\/\/primelinkinsurance.ca\/fr\/wp-json\/wp\/v2\/pages"}],"about":[{"href":"https:\/\/primelinkinsurance.ca\/fr\/wp-json\/wp\/v2\/types\/page"}],"author":[{"embeddable":true,"href":"https:\/\/primelinkinsurance.ca\/fr\/wp-json\/wp\/v2\/users\/2"}],"replies":[{"embeddable":true,"href":"https:\/\/primelinkinsurance.ca\/fr\/wp-json\/wp\/v2\/comments?post=442"}],"version-history":[{"count":10,"href":"https:\/\/primelinkinsurance.ca\/fr\/wp-json\/wp\/v2\/pages\/442\/revisions"}],"predecessor-version":[{"id":871,"href":"https:\/\/primelinkinsurance.ca\/fr\/wp-json\/wp\/v2\/pages\/442\/revisions\/871"}],"wp:attachment":[{"href":"https:\/\/primelinkinsurance.ca\/fr\/wp-json\/wp\/v2\/media?parent=442"}],"curies":[{"name":"wp","href":"https:\/\/api.w.org\/{rel}","templated":true}]}}