{"id":571,"date":"2020-10-27T06:38:59","date_gmt":"2020-10-27T10:38:59","guid":{"rendered":"https:\/\/primelinkinsurance.ca\/?page_id=571"},"modified":"2020-10-27T06:38:59","modified_gmt":"2020-10-27T10:38:59","slug":"politique-de-confidentialite","status":"publish","type":"page","link":"https:\/\/primelinkinsurance.ca\/fr\/politique-de-confidentialite\/","title":{"rendered":"Politique de confidentialit\u00e9"},"content":{"rendered":"[vc_row type=\u00a0\u00bbin_container\u00a0\u00bb full_screen_row_position=\u00a0\u00bbmiddle\u00a0\u00bb column_margin=\u00a0\u00bbdefault\u00a0\u00bb column_direction=\u00a0\u00bbdefault\u00a0\u00bb column_direction_tablet=\u00a0\u00bbdefault\u00a0\u00bb column_direction_phone=\u00a0\u00bbdefault\u00a0\u00bb scene_position=\u00a0\u00bbcenter\u00a0\u00bb top_padding=\u00a0\u00bb0&Prime; bottom_padding=\u00a0\u00bb0&Prime; left_padding_desktop=\u00a0\u00bb150&Prime; right_padding_desktop=\u00a0\u00bb150&Prime; top_padding_tablet=\u00a0\u00bb0&Prime; bottom_padding_tablet=\u00a0\u00bb0&Prime; left_padding_tablet=\u00a0\u00bb100&Prime; right_padding_tablet=\u00a0\u00bb100&Prime; top_padding_phone=\u00a0\u00bb0&Prime; bottom_padding_phone=\u00a0\u00bb0&Prime; left_padding_phone=\u00a0\u00bb10&Prime; right_padding_phone=\u00a0\u00bb10&Prime; text_color=\u00a0\u00bbdark\u00a0\u00bb text_align=\u00a0\u00bbleft\u00a0\u00bb row_border_radius=\u00a0\u00bbnone\u00a0\u00bb row_border_radius_applies=\u00a0\u00bbbg\u00a0\u00bb overlay_strength=\u00a0\u00bb0.3&Prime; gradient_direction=\u00a0\u00bbleft_to_right\u00a0\u00bb shape_divider_position=\u00a0\u00bbbottom\u00a0\u00bb bg_image_animation=\u00a0\u00bbnone\u00a0\u00bb shape_type=\u00a0\u00bb\u00a0\u00bb][vc_column column_padding=\u00a0\u00bbno-extra-padding\u00a0\u00bb column_padding_tablet=\u00a0\u00bbno-extra-padding\u00a0\u00bb column_padding_phone=\u00a0\u00bbno-extra-padding\u00a0\u00bb column_padding_position=\u00a0\u00bbleft-right\u00a0\u00bb background_color_opacity=\u00a0\u00bb1&Prime; background_hover_color_opacity=\u00a0\u00bb1&Prime; column_shadow=\u00a0\u00bbnone\u00a0\u00bb column_border_radius=\u00a0\u00bbnone\u00a0\u00bb column_link_target=\u00a0\u00bb_self\u00a0\u00bb gradient_direction=\u00a0\u00bbleft_to_right\u00a0\u00bb overlay_strength=\u00a0\u00bb0.3&Prime; width=\u00a0\u00bb1\/1&Prime; tablet_width_inherit=\u00a0\u00bbdefault\u00a0\u00bb tablet_text_alignment=\u00a0\u00bbdefault\u00a0\u00bb phone_text_alignment=\u00a0\u00bbdefault\u00a0\u00bb column_border_width=\u00a0\u00bbnone\u00a0\u00bb column_border_style=\u00a0\u00bbsolid\u00a0\u00bb bg_image_animation=\u00a0\u00bbnone\u00a0\u00bb][divider line_type=\u00a0\u00bbNo Line\u00a0\u00bb custom_height=\u00a0\u00bb60&Prime; custom_height_tablet=\u00a0\u00bb40&Prime; custom_height_phone=\u00a0\u00bb20&Prime;][vc_column_text]\n<h2 style=\"text-align: center;\"><span style=\"color: #00456a;\">Politique de confidentialit\u00e9 de CanAm<\/span><\/h2>\n[\/vc_column_text][vc_column_text]\n<p style=\"text-align: justify;\">\u00c0 CanAm Special Risk Insurance Agency Limited (\u00ab\u00a0CanAm\u00a0\u00bb), lorsque nous proposons des produits d&rsquo;assurance voyage et des services connexes, nous devons recueillir, utiliser et parfois divulguer des renseignements personnels. La pr\u00e9sente politique de confidentialit\u00e9, telle qu&rsquo;elle peut \u00eatre modifi\u00e9e de temps \u00e0 autre, \u00e9nonce les principes que nous appliquons lorsque nous recueillons, utilisons et divulguons des renseignements personnels. Notre politique de confidentialit\u00e9 la plus r\u00e9cente peut \u00eatre obtenue en nous contactant comme indiqu\u00e9 ci-dessous.<\/p>\n<p style=\"text-align: justify;\">En r\u00e8gle g\u00e9n\u00e9rale, \u00e0 CanAm, nous recueillons et utilisons des renseignements personnels, selon les besoins, pour traiter les demandes de devis de prime d&rsquo;assurance et nous recueillons, utilisons et communiquons \u00e9galement \u00e0 l&rsquo;assureur les renseignements personnels n\u00e9cessaires pour remplir toute demande d&rsquo;assurance (collectivement \u00ab\u00a0les fins d&rsquo;assurance\u00a0\u00bb).<\/p>\n<p style=\"text-align: justify;\">Lorsque la loi l&rsquo;autorise, nous pouvons utiliser les informations que nous avons recueillies lors d&rsquo;une demande de devis ou sur une proposition, afin de vous proposer des produits et services suppl\u00e9mentaires et am\u00e9lior\u00e9s, m\u00eame si vous ne souscrivez pas l&rsquo;assurance ou si votre proposition d&rsquo;assurance est refus\u00e9e (les \u00ab\u00a0objectifs de marketing\u00a0\u00bb). Dans certains cas, nous pouvons partager des informations personnelles avec nos soci\u00e9t\u00e9s affili\u00e9es \u00e0 des fins de marketing.<\/p>\n<p style=\"text-align: justify;\">Si vos informations sont recueillies par t\u00e9l\u00e9phone, l&rsquo;appel peut \u00eatre enregistr\u00e9 ou surveill\u00e9 \u00e0 des fins d&rsquo;assurance, \u00e0 des fins d&rsquo;exactitude et d&rsquo;assurance qualit\u00e9 et \u00e0 des fins de formation.<\/p>\n<p style=\"text-align: justify;\">Nous ferons tous les efforts raisonnables pour nous assurer que toutes les informations personnelles que nous recueillons et conservons sont aussi exactes, compl\u00e8tes et \u00e0 jour que possible. Nous comptons sur les personnes pour nous fournir des informations pr\u00e9cises et nous informer des changements, tels que les changements de coordonn\u00e9es.<\/p>\n<p style=\"text-align: justify;\">Toute personne peut refuser ou retirer son consentement \u00e0 la collecte, l&rsquo;utilisation ou la divulgation de ses informations personnelles comme suit :<\/p>\n<ul>\n<li style=\"text-align: justify;\">Une personne peut choisir de ne pas nous fournir certaines informations personnelles. Cela peut limiter notre capacit\u00e9 \u00e0 organiser une assurance voyage et des services connexes et \u00e0 r\u00e9aliser les objectifs de l&rsquo;assurance.<\/li>\n<li style=\"text-align: justify;\">Une personne peut refuser ou retirer son consentement \u00e0 la collecte, l&rsquo;utilisation ou la divulgation de renseignements personnels \u00e0 des fins de marketing. Dans ce cas, nous ferons de notre mieux pour r\u00e9pondre \u00e0 la demande, dans le respect des normes en vigueur dans le secteur et de nos capacit\u00e9s techniques.<\/li>\n<\/ul>\n<p style=\"text-align: justify;\">\u00c0 l&rsquo;exception de ce qui est d\u00e9crit ci-dessus, ou lorsque la loi l&rsquo;exige, nous ne divulguerons pas d&rsquo;informations personnelles.<\/p>\n<p style=\"text-align: justify;\">Une personne a le droit de demander l&rsquo;acc\u00e8s et la correction des informations personnelles que nous d\u00e9tenons. Sur demande \u00e9crite et preuve de ce droit, nous donnerons acc\u00e8s aux informations personnelles que nous d\u00e9tenons sur une personne ou nous les corrigerons.<\/p>\n<h3 style=\"text-align: justify;\"><strong>Contactez-nous<\/strong><\/h3>\n<p style=\"text-align: justify;\">Si vous avez des questions ou des pr\u00e9occupations concernant nos pratiques en mati\u00e8re d&rsquo;informations personnelles, veuillez nous contacter \u00e0 l&rsquo;adresse suivante<\/p>\n<p style=\"text-align: justify;\">Responsable de la protection de la vie priv\u00e9e<\/p>\n<p style=\"text-align: justify;\">CanAm Special Risk Insurance Agency Limited.<\/p>\n<p style=\"text-align: justify;\">1.877.884.8086<\/p>\n[\/vc_column_text][\/vc_column][\/vc_row]\n","protected":false},"excerpt":{"rendered":"<p>[vc_row type=\u00a0\u00bbin_container\u00a0\u00bb full_screen_row_position=\u00a0\u00bbmiddle\u00a0\u00bb column_margin=\u00a0\u00bbdefault\u00a0\u00bb column_direction=\u00a0\u00bbdefault\u00a0\u00bb column_direction_tablet=\u00a0\u00bbdefault\u00a0\u00bb column_direction_phone=\u00a0\u00bbdefault\u00a0\u00bb scene_position=\u00a0\u00bbcenter\u00a0\u00bb top_padding=\u00a0\u00bb0&Prime; bottom_padding=\u00a0\u00bb0&Prime; left_padding_desktop=\u00a0\u00bb150&Prime; right_padding_desktop=\u00a0\u00bb150&Prime; top_padding_tablet=\u00a0\u00bb0&Prime; bottom_padding_tablet=\u00a0\u00bb0&Prime; left_padding_tablet=\u00a0\u00bb100&Prime; right_padding_tablet=\u00a0\u00bb100&Prime; top_padding_phone=\u00a0\u00bb0&Prime; bottom_padding_phone=\u00a0\u00bb0&Prime; left_padding_phone=\u00a0\u00bb10&Prime; right_padding_phone=\u00a0\u00bb10&Prime; text_color=\u00a0\u00bbdark\u00a0\u00bb text_align=\u00a0\u00bbleft\u00a0\u00bb row_border_radius=\u00a0\u00bbnone\u00a0\u00bb row_border_radius_applies=\u00a0\u00bbbg\u00a0\u00bb overlay_strength=\u00a0\u00bb0.3&Prime; gradient_direction=\u00a0\u00bbleft_to_right\u00a0\u00bb shape_divider_position=\u00a0\u00bbbottom\u00a0\u00bb bg_image_animation=\u00a0\u00bbnone\u00a0\u00bb shape_type=\u00a0\u00bb\u00a0\u00bb][vc_column column_padding=\u00a0\u00bbno-extra-padding\u00a0\u00bb&#8230;<\/p>\n","protected":false},"author":2,"featured_media":0,"parent":0,"menu_order":0,"comment_status":"closed","ping_status":"closed","template":"","meta":[],"yoast_head":"<!-- This site is optimized with the Yoast SEO plugin v15.2 - https:\/\/yoast.com\/wordpress\/plugins\/seo\/ -->\n<title>Politique de confidentialit\u00e9 - Primelink Insurance<\/title>\n<meta name=\"robots\" content=\"index, follow, max-snippet:-1, max-image-preview:large, max-video-preview:-1\" \/>\n<link rel=\"canonical\" href=\"https:\/\/primelinkinsurance.ca\/fr\/politique-de-confidentialite\/\" \/>\n<meta property=\"og:locale\" content=\"fr_CA\" \/>\n<meta property=\"og:type\" content=\"article\" \/>\n<meta property=\"og:title\" content=\"Politique de confidentialit\u00e9 - Primelink Insurance\" \/>\n<meta property=\"og:description\" content=\"[vc_row type=\u00a0\u00bbin_container\u00a0\u00bb full_screen_row_position=\u00a0\u00bbmiddle\u00a0\u00bb column_margin=\u00a0\u00bbdefault\u00a0\u00bb column_direction=\u00a0\u00bbdefault\u00a0\u00bb column_direction_tablet=\u00a0\u00bbdefault\u00a0\u00bb column_direction_phone=\u00a0\u00bbdefault\u00a0\u00bb scene_position=\u00a0\u00bbcenter\u00a0\u00bb top_padding=\u00a0\u00bb0&Prime; bottom_padding=\u00a0\u00bb0&Prime; left_padding_desktop=\u00a0\u00bb150&Prime; right_padding_desktop=\u00a0\u00bb150&Prime; top_padding_tablet=\u00a0\u00bb0&Prime; bottom_padding_tablet=\u00a0\u00bb0&Prime; left_padding_tablet=\u00a0\u00bb100&Prime; right_padding_tablet=\u00a0\u00bb100&Prime; top_padding_phone=\u00a0\u00bb0&Prime; bottom_padding_phone=\u00a0\u00bb0&Prime; left_padding_phone=\u00a0\u00bb10&Prime; right_padding_phone=\u00a0\u00bb10&Prime; text_color=\u00a0\u00bbdark\u00a0\u00bb text_align=\u00a0\u00bbleft\u00a0\u00bb row_border_radius=\u00a0\u00bbnone\u00a0\u00bb row_border_radius_applies=\u00a0\u00bbbg\u00a0\u00bb overlay_strength=\u00a0\u00bb0.3&Prime; gradient_direction=\u00a0\u00bbleft_to_right\u00a0\u00bb shape_divider_position=\u00a0\u00bbbottom\u00a0\u00bb bg_image_animation=\u00a0\u00bbnone\u00a0\u00bb shape_type=\u00a0\u00bb\u00a0\u00bb][vc_column column_padding=\u00a0\u00bbno-extra-padding\u00a0\u00bb...\" \/>\n<meta property=\"og:url\" content=\"https:\/\/primelinkinsurance.ca\/fr\/politique-de-confidentialite\/\" \/>\n<meta property=\"og:site_name\" content=\"Primelink Insurance\" \/>\n<meta name=\"twitter:card\" content=\"summary_large_image\" \/>\n<meta name=\"twitter:label1\" value=\"Written by\">\n\t<meta name=\"twitter:data1\" value=\"sebastien\">\n\t<meta name=\"twitter:label2\" value=\"Est. reading time\">\n\t<meta name=\"twitter:data2\" value=\"3 minutes\">\n<script type=\"application\/ld+json\" class=\"yoast-schema-graph\">{\"@context\":\"https:\/\/schema.org\",\"@graph\":[{\"@type\":\"WebSite\",\"@id\":\"https:\/\/primelinkinsurance.ca\/#website\",\"url\":\"https:\/\/primelinkinsurance.ca\/\",\"name\":\"Primelink Insurance\",\"description\":\"\",\"potentialAction\":[{\"@type\":\"SearchAction\",\"target\":\"https:\/\/primelinkinsurance.ca\/?s={search_term_string}\",\"query-input\":\"required name=search_term_string\"}],\"inLanguage\":\"fr-CA\"},{\"@type\":\"WebPage\",\"@id\":\"https:\/\/primelinkinsurance.ca\/fr\/politique-de-confidentialite\/#webpage\",\"url\":\"https:\/\/primelinkinsurance.ca\/fr\/politique-de-confidentialite\/\",\"name\":\"Politique de confidentialit\\u00e9 - Primelink Insurance\",\"isPartOf\":{\"@id\":\"https:\/\/primelinkinsurance.ca\/#website\"},\"datePublished\":\"2020-10-27T10:38:59+00:00\",\"dateModified\":\"2020-10-27T10:38:59+00:00\",\"inLanguage\":\"fr-CA\",\"potentialAction\":[{\"@type\":\"ReadAction\",\"target\":[\"https:\/\/primelinkinsurance.ca\/fr\/politique-de-confidentialite\/\"]}]}]}<\/script>\n<!-- \/ Yoast SEO plugin. -->","_links":{"self":[{"href":"https:\/\/primelinkinsurance.ca\/fr\/wp-json\/wp\/v2\/pages\/571"}],"collection":[{"href":"https:\/\/primelinkinsurance.ca\/fr\/wp-json\/wp\/v2\/pages"}],"about":[{"href":"https:\/\/primelinkinsurance.ca\/fr\/wp-json\/wp\/v2\/types\/page"}],"author":[{"embeddable":true,"href":"https:\/\/primelinkinsurance.ca\/fr\/wp-json\/wp\/v2\/users\/2"}],"replies":[{"embeddable":true,"href":"https:\/\/primelinkinsurance.ca\/fr\/wp-json\/wp\/v2\/comments?post=571"}],"version-history":[{"count":3,"href":"https:\/\/primelinkinsurance.ca\/fr\/wp-json\/wp\/v2\/pages\/571\/revisions"}],"predecessor-version":[{"id":831,"href":"https:\/\/primelinkinsurance.ca\/fr\/wp-json\/wp\/v2\/pages\/571\/revisions\/831"}],"wp:attachment":[{"href":"https:\/\/primelinkinsurance.ca\/fr\/wp-json\/wp\/v2\/media?parent=571"}],"curies":[{"name":"wp","href":"https:\/\/api.w.org\/{rel}","templated":true}]}}